{"id":1125,"date":"2022-03-02T12:14:19","date_gmt":"2022-03-02T12:14:19","guid":{"rendered":"https:\/\/www.imola.legacoop.it\/vitaminac\/?page_id=1125"},"modified":"2022-03-14T10:08:23","modified_gmt":"2022-03-14T10:08:23","slug":"concorso-2022","status":"publish","type":"page","link":"https:\/\/www.imola.legacoop.it\/vitaminac\/?page_id=1125","title":{"rendered":"CONCORSO &#8211; 2022"},"content":{"rendered":"<p>[et_pb_section fb_built=&#8221;1&#8243; admin_label=&#8221;Hero Section&#8221; _builder_version=&#8221;4.9.2&#8243; use_background_color_gradient=&#8221;on&#8221; background_color_gradient_start=&#8221;rgba(79,146,193,0.48)&#8221; background_color_gradient_end=&#8221;rgba(0,0,0,0)&#8221; background_color_gradient_type=&#8221;radial&#8221; background_color_gradient_start_position=&#8221;14%&#8221; background_color_gradient_end_position=&#8221;51%&#8221; background_color_gradient_overlays_image=&#8221;on&#8221; background_enable_image=&#8221;off&#8221; parallax=&#8221;on&#8221; custom_margin=&#8221;|||&#8221; custom_padding=&#8221;0.7%||0.7%||true|&#8221;][et_pb_row _builder_version=&#8221;4.9.2&#8243; animation_style=&#8221;fade&#8221; animation_duration=&#8221;2000ms&#8221;][et_pb_column type=&#8221;4_4&#8243; _builder_version=&#8221;3.25&#8243; custom_padding=&#8221;|||&#8221; custom_padding__hover=&#8221;|||&#8221;][et_pb_image src=&#8221;https:\/\/www.imola.legacoop.it\/vitaminac\/wp-content\/uploads\/2021\/03\/preloader_v2.svg&#8221; title_text=&#8221;preloader_v2&#8243; align=&#8221;center&#8221; _builder_version=&#8221;4.9.2&#8243; _module_preset=&#8221;default&#8221; width=&#8221;11%&#8221; max_width=&#8221;19%&#8221; custom_margin=&#8221;||15px|||&#8221;][\/et_pb_image][et_pb_text _builder_version=&#8221;4.9.1&#8243; _module_preset=&#8221;default&#8221; text_font=&#8221;Allerta Stencil||||||||&#8221; text_text_color=&#8221;#0C71C3&#8243; text_font_size=&#8221;36px&#8221; text_letter_spacing=&#8221;6px&#8221; text_line_height=&#8221;2em&#8221; text_text_color_tablet=&#8221;&#8221; text_text_color_phone=&#8221;&#8221; text_text_color_last_edited=&#8221;on|phone&#8221; text_font_size_tablet=&#8221;&#8221; text_font_size_phone=&#8221;36px&#8221; text_font_size_last_edited=&#8221;on|phone&#8221;]<\/p>\n<p style=\"text-align: center;\">IL CONCORSO<\/p>\n<p>[\/et_pb_text][et_pb_text _builder_version=&#8221;4.9.1&#8243; _module_preset=&#8221;default&#8221; text_font=&#8221;||||||||&#8221; text_text_color=&#8221;#0C71C3&#8243; text_font_size=&#8221;30px&#8221; text_letter_spacing=&#8221;5px&#8221; header_font_size=&#8221;16px&#8221;]<\/p>\n<h3 style=\"text-align: center;\">Cooperazione, condivisione e cultura d\u2019impresa<\/h3>\n<p>[\/et_pb_text][\/et_pb_column][\/et_pb_row][et_pb_row _builder_version=&#8221;4.9.2&#8243; _module_preset=&#8221;default&#8221; custom_margin=&#8221;-14px|auto||auto||&#8221; animation_style=&#8221;slide&#8221; animation_direction=&#8221;bottom&#8221; animation_duration=&#8221;1200ms&#8221; animation_intensity_slide=&#8221;27%&#8221;][et_pb_column type=&#8221;4_4&#8243; _builder_version=&#8221;4.9.1&#8243; _module_preset=&#8221;default&#8221;][et_pb_image src=&#8221;https:\/\/www.imola.legacoop.it\/vitaminac\/wp-content\/uploads\/2021\/03\/EVERYTHING-BEGINS.png&#8221; title_text=&#8221;EVERYTHING BEGINS&#8221; align=&#8221;center&#8221; _builder_version=&#8221;4.9.2&#8243; _module_preset=&#8221;default&#8221; width=&#8221;30%&#8221; max_width=&#8221;27%&#8221; custom_margin=&#8221;||15px|||&#8221;][\/et_pb_image][et_pb_text _builder_version=&#8221;4.9.7&#8243; _module_preset=&#8221;default&#8221; text_font_size=&#8221;16px&#8221; text_letter_spacing=&#8221;1px&#8221; text_orientation=&#8221;justified&#8221; custom_margin=&#8221;36px|||||&#8221; hover_enabled=&#8221;0&#8243; sticky_enabled=&#8221;0&#8243;]<\/p>\n<p><span style=\"font-weight: 400;\">L\u2019Alleanza delle Cooperative Italiane Imola da sempre promuove valori, principi e peculiarit\u00e0 della cooperazione in quanto fondamentali per costruire una societ\u00e0 pi\u00f9 equa, sostenibile e responsabile. Il progetto \u201cVitamina C \u2013 Cooperazione, Condivisione, Cultura d\u2019impresa\u201d vuole quindi avvicinare i giovani a questa particolare forma di impresa, intergenerazionale di defaulte capace di \u201crispondere ai bisogni del presente senza compromettere la capacit\u00e0 delle future generazioni di soddisfare i propri\u201d nella speranza che i ragazzi di oggi siano i futuri soci e lavoratori delle cooperative di domani.<\/span><\/p>\n<p><span style=\"font-weight: 400;\">\u201cVitamina C\u201d \u00e8 un progetto per valorizzare i giovani, le loro potenzialit\u00e0 e le loro idee anche al di fuori del curriculum scolastico. \u00c8 un primo approccio al mondo del lavoro, una finestra per guardare al futuro positivamente, una modalit\u00e0 nuova per affrontare l\u2019impegno scolastico dimostrando non solo seriet\u00e0 e competenze, ma anche sperimentando abilit\u00e0 creative e senso civico da protagonisti, lavorando insieme per un obiettivo comune \u2013 l\u2019autoimprenditorialit\u00e0 cooperativa \u2013 al fine di dare soluzioni nuove a problemi\/bisogni personali o del territorio.<\/span><\/p>\n<p><span style=\"font-weight: 400;\">Indispensabile quindi la collaborazione con gli Istituti Scolastici per intercettare i giovani prima del loro ingresso nel mondo del lavoro ed avviare con loro un dialogo attivo sui valori della cooperazione, sulle peculiarit\u00e0 del lavoro in cooperativa e sulla necessit\u00e0 di partecipare al cambiamento in atto della societ\u00e0 con un ruolo attivo per costruire un futuro migliore.<\/span><\/p>\n<p><span style=\"font-weight: 400;\">Si vuole far comprendere che le opportunit\u00e0 di lavoro si possono anche creare, mettendosi in gioco, valorizzando le idee, sperimentando insieme, trovando soluzioni a problemi, verificandone la fattibilit\u00e0 e, soprattutto, agendo in modo socialmente responsabile, nel rispetto delle persone e dell\u2019ambiente quali risorse fondamentali da valorizzare e da tutelare.<\/span><\/p>\n<p>Il concorso <strong>\u201cVitamina C\u201d <\/strong>giunto alla sua V^ Edizione<strong>, <\/strong>il cui avvio \u00e8 avvenuto Mercoled\u00ec 23 Febbraio 2022 con un webinar di presentazione del progetto, pur con i tanti vincoli dettati dalla didattica a distanza, ha gi\u00e0 visto l\u2019 <strong>adesione di 7 istituti del Circondario Imolese con 11 classi, e coinvolge 12 docenti ed oltre 200 studenti. Complessivamente, <\/strong>nelle passate edizioni, ha visto la partecipazione<strong> di oltre 7.600 studenti di tutti gli Istituti <\/strong>presenti sul territorio <strong>per complessive 372 classi raccogliendo 405 progetti, <\/strong>tutti molto concreti, fattibili, e con una particolare attenzione alla sostenibilit\u00e0 ambientale e sociale. Inoltre <strong>con la votazione in rete dei progetti si sono raggiunti oltre 4.000 contatti annui. <\/strong><\/p>\n<p>[\/et_pb_text][\/et_pb_column][\/et_pb_row][\/et_pb_section][et_pb_section fb_built=&#8221;1&#8243; admin_label=&#8221;Subscription Section&#8221; _builder_version=&#8221;4.9.2&#8243; use_background_color_gradient=&#8221;on&#8221; background_color_gradient_start=&#8221;rgba(104,153,193,0.24)&#8221; background_color_gradient_end=&#8221;rgba(0,0,0,0)&#8221; background_color_gradient_type=&#8221;radial&#8221; background_color_gradient_start_position=&#8221;27%&#8221; background_color_gradient_overlays_image=&#8221;on&#8221; background_image=&#8221;https:\/\/www.imola.legacoop.it\/vitaminac\/wp-content\/uploads\/2021\/03\/VITAMINA-C-BASE-OK.png&#8221; background_size=&#8221;contain&#8221; background_position=&#8221;bottom_center&#8221; custom_padding=&#8221;8px||27px|||&#8221; global_module=&#8221;278&#8243;][et_pb_row _builder_version=&#8221;4.9.1&#8243; _module_preset=&#8221;default&#8221; custom_padding=&#8221;56px|||||&#8221;][et_pb_column type=&#8221;4_4&#8243; _builder_version=&#8221;4.9.1&#8243; _module_preset=&#8221;default&#8221;][et_pb_image src=&#8221;https:\/\/www.imola.legacoop.it\/vitaminac\/wp-content\/uploads\/2021\/03\/VITAMINA-C-LOGO-2021-300-dpi.png&#8221; title_text=&#8221;VITAMINA C LOGO 2021 300 dpi&#8221; align=&#8221;center&#8221; _builder_version=&#8221;4.9.2&#8243; _module_preset=&#8221;default&#8221; width=&#8221;48%&#8221; custom_padding=&#8221;11px|||||&#8221; animation_style=&#8221;fade&#8221; animation_duration=&#8221;2000ms&#8221;][\/et_pb_image][et_pb_text admin_label=&#8221;Subtitle&#8221; _builder_version=&#8221;4.9.7&#8243; text_font=&#8221;||||||||&#8221; text_text_color=&#8221;#0C71C3&#8243; text_font_size=&#8221;18px&#8221; text_line_height=&#8221;2.2em&#8221; header_font=&#8221;||||||||&#8221; header_2_font=&#8221;||||||||&#8221; text_orientation=&#8221;center&#8221; background_layout=&#8221;dark&#8221; max_width=&#8221;700px&#8221; module_alignment=&#8221;center&#8221; animation_style=&#8221;fade&#8221; animation_direction=&#8221;left&#8221; animation_starting_opacity=&#8221;100%&#8221;]<\/p>\n<p><span>Copyright \u00a9 2022 | Tutti i diritti riservati.<\/span><\/p>\n<p>[\/et_pb_text][et_pb_text admin_label=&#8221;Subtitle&#8221; _builder_version=&#8221;4.9.1&#8243; text_font=&#8221;||||||||&#8221; text_text_color=&#8221;#0C71C3&#8243; text_font_size=&#8221;18px&#8221; text_line_height=&#8221;2.2em&#8221; header_font=&#8221;||||||||&#8221; header_2_font=&#8221;||||||||&#8221; text_orientation=&#8221;center&#8221; background_layout=&#8221;dark&#8221; max_width=&#8221;700px&#8221; module_alignment=&#8221;center&#8221; animation_style=&#8221;fade&#8221; animation_direction=&#8221;left&#8221; animation_starting_opacity=&#8221;100%&#8221;]<\/p>\n<p>&nbsp;<\/p>\n<p>&nbsp;<\/p>\n<p>[\/et_pb_text][\/et_pb_column][\/et_pb_row][et_pb_row _builder_version=&#8221;4.9.1&#8243; _module_preset=&#8221;default&#8221; custom_padding=&#8221;0px||113px|||&#8221;][et_pb_column type=&#8221;4_4&#8243; _builder_version=&#8221;4.9.1&#8243; _module_preset=&#8221;default&#8221;][\/et_pb_column][\/et_pb_row][et_pb_row _builder_version=&#8221;3.25&#8243; custom_padding=&#8221;55px|||||&#8221; locked=&#8221;off&#8221;][et_pb_column type=&#8221;4_4&#8243; _builder_version=&#8221;3.25&#8243; custom_padding=&#8221;|||&#8221; custom_padding__hover=&#8221;|||&#8221;][\/et_pb_column][\/et_pb_row][\/et_pb_section]<\/p>\n","protected":false},"excerpt":{"rendered":"<p>IL CONCORSOCooperazione, condivisione e cultura d\u2019impresaL\u2019Alleanza delle Cooperative Italiane Imola da sempre promuove valori, principi e peculiarit\u00e0 della cooperazione in quanto fondamentali per costruire una societ\u00e0 pi\u00f9 equa, sostenibile e responsabile. Il progetto \u201cVitamina C \u2013 Cooperazione, Condivisione, Cultura d\u2019impresa\u201d vuole quindi avvicinare i giovani a questa particolare forma di impresa, intergenerazionale di defaulte capace [&hellip;]<\/p>\n","protected":false},"author":1,"featured_media":0,"parent":0,"menu_order":0,"comment_status":"closed","ping_status":"closed","template":"","meta":{"_et_pb_use_builder":"on","_et_pb_old_content":"","_et_gb_content_width":"","ngg_post_thumbnail":0,"footnotes":""},"_links":{"self":[{"href":"https:\/\/www.imola.legacoop.it\/vitaminac\/index.php?rest_route=\/wp\/v2\/pages\/1125"}],"collection":[{"href":"https:\/\/www.imola.legacoop.it\/vitaminac\/index.php?rest_route=\/wp\/v2\/pages"}],"about":[{"href":"https:\/\/www.imola.legacoop.it\/vitaminac\/index.php?rest_route=\/wp\/v2\/types\/page"}],"author":[{"embeddable":true,"href":"https:\/\/www.imola.legacoop.it\/vitaminac\/index.php?rest_route=\/wp\/v2\/users\/1"}],"replies":[{"embeddable":true,"href":"https:\/\/www.imola.legacoop.it\/vitaminac\/index.php?rest_route=%2Fwp%2Fv2%2Fcomments&post=1125"}],"version-history":[{"count":6,"href":"https:\/\/www.imola.legacoop.it\/vitaminac\/index.php?rest_route=\/wp\/v2\/pages\/1125\/revisions"}],"predecessor-version":[{"id":1206,"href":"https:\/\/www.imola.legacoop.it\/vitaminac\/index.php?rest_route=\/wp\/v2\/pages\/1125\/revisions\/1206"}],"wp:attachment":[{"href":"https:\/\/www.imola.legacoop.it\/vitaminac\/index.php?rest_route=%2Fwp%2Fv2%2Fmedia&parent=1125"}],"curies":[{"name":"wp","href":"https:\/\/api.w.org\/{rel}","templated":true}]}}