{"id":1130,"date":"2022-03-02T12:19:25","date_gmt":"2022-03-02T12:19:25","guid":{"rendered":"https:\/\/www.imola.legacoop.it\/vitaminac\/?page_id=1130"},"modified":"2022-03-03T11:24:32","modified_gmt":"2022-03-03T11:24:32","slug":"obiettivi-2022","status":"publish","type":"page","link":"https:\/\/www.imola.legacoop.it\/vitaminac\/?page_id=1130","title":{"rendered":"OBIETTIVI &#8211; 2022"},"content":{"rendered":"<p>[et_pb_section fb_built=&#8221;1&#8243; admin_label=&#8221;Hero Section&#8221; _builder_version=&#8221;4.9.2&#8243; use_background_color_gradient=&#8221;on&#8221; background_color_gradient_start=&#8221;#95adc1&#8243; background_color_gradient_end=&#8221;rgba(0,0,0,0)&#8221; background_color_gradient_overlays_image=&#8221;on&#8221; background_image=&#8221;https:\/\/www.imola.legacoop.it\/vitaminac\/wp-content\/uploads\/2021\/03\/AdobeStock_307576574-BASSA.jpg&#8221; custom_margin=&#8221;|||&#8221; custom_padding=&#8221;0.6%||5.9%|||&#8221; animation_style=&#8221;fade&#8221; animation_duration=&#8221;1800ms&#8221; animation_delay=&#8221;600ms&#8221;][et_pb_row _builder_version=&#8221;3.25&#8243;][et_pb_column type=&#8221;4_4&#8243; _builder_version=&#8221;3.25&#8243; custom_padding=&#8221;|||&#8221; custom_padding__hover=&#8221;|||&#8221;][et_pb_image src=&#8221;https:\/\/www.imola.legacoop.it\/vitaminac\/wp-content\/uploads\/2021\/03\/preloader_v2.svg&#8221; title_text=&#8221;preloader_v2&#8243; align=&#8221;center&#8221; _builder_version=&#8221;4.9.1&#8243; _module_preset=&#8221;default&#8221; width=&#8221;11%&#8221; max_width=&#8221;19%&#8221; custom_margin=&#8221;||15px|||&#8221;][\/et_pb_image][et_pb_text _builder_version=&#8221;4.9.1&#8243; _module_preset=&#8221;default&#8221; text_font=&#8221;Allerta Stencil||||||||&#8221; text_text_color=&#8221;#0C71C3&#8243; text_font_size=&#8221;36px&#8221; text_letter_spacing=&#8221;8px&#8221; text_line_height=&#8221;2em&#8221; custom_margin=&#8221;12px||12px||true|&#8221; text_font_size_phone=&#8221;36px&#8221; text_font_size_last_edited=&#8221;off|phone&#8221;]<\/p>\n<p style=\"text-align: center;\">OBIETTIVI<\/p>\n<p>[\/et_pb_text][\/et_pb_column][\/et_pb_row][\/et_pb_section][et_pb_section fb_built=&#8221;1&#8243; admin_label=&#8221;Feature Section&#8221; _builder_version=&#8221;4.9.1&#8243; use_background_color_gradient=&#8221;on&#8221; background_color_gradient_start=&#8221;rgba(101,163,216,0.19)&#8221; background_color_gradient_end=&#8221;rgba(255,255,255,0.43)&#8221; background_enable_image=&#8221;off&#8221; background_position=&#8221;center_right&#8221; max_width=&#8221;88%&#8221; custom_margin=&#8221;-6%|||&#8221; custom_padding=&#8221;26px||113px|||&#8221; animation_direction=&#8221;left&#8221; box_shadow_style=&#8221;preset3&#8243; box_shadow_vertical=&#8221;80px&#8221; box_shadow_blur=&#8221;120px&#8221; box_shadow_spread=&#8221;-60px&#8221; box_shadow_color=&#8221;rgba(63,63,31,0.3)&#8221;][et_pb_row _builder_version=&#8221;4.9.2&#8243; _module_preset=&#8221;default&#8221; animation_style=&#8221;slide&#8221; animation_direction=&#8221;left&#8221; animation_duration=&#8221;1800ms&#8221; animation_delay=&#8221;850ms&#8221; animation_intensity_slide=&#8221;82%&#8221;][et_pb_column type=&#8221;4_4&#8243; _builder_version=&#8221;4.9.1&#8243; _module_preset=&#8221;default&#8221;][et_pb_text _builder_version=&#8221;4.9.1&#8243; _module_preset=&#8221;default&#8221; text_font=&#8221;|600|||||||&#8221; text_text_color=&#8221;#0C71C3&#8243; text_font_size=&#8221;20px&#8221; text_letter_spacing=&#8221;5px&#8221; text_line_height=&#8221;1.8em&#8221; header_font_size=&#8221;13px&#8221; custom_margin=&#8221;|1px||||&#8221; animation_style=&#8221;slide&#8221; animation_duration=&#8221;1300ms&#8221; animation_intensity_slide=&#8221;25%&#8221;]<\/p>\n<p style=\"text-align: center;\"><em>Imprenditorialit\u00e0: \u201ccompetenza trasversale chiave in tutte le sfere della vita, in quanto definita come la capacit\u00e0 di trasformare idee e opportunit\u00e0 in valore per s\u00e9 e per gli altri attraverso la mobilizzazione di risorse\u201d<\/em><\/p>\n<p>[\/et_pb_text][et_pb_text _builder_version=&#8221;4.9.1&#8243; _module_preset=&#8221;default&#8221; text_text_color=&#8221;#0C71C3&#8243; text_font_size=&#8221;19px&#8221;]<\/p>\n<p style=\"text-align: center;\"><span>&#8211; Studio EntreComp, Commissione europea.<\/span><\/p>\n<p>[\/et_pb_text][\/et_pb_column][\/et_pb_row][et_pb_row column_structure=&#8221;1_2,1_2&#8243; _builder_version=&#8221;4.9.2&#8243; width=&#8221;90%&#8221; max_width=&#8221;90%&#8221; animation_style=&#8221;slide&#8221; animation_direction=&#8221;bottom&#8221; animation_duration=&#8221;1800ms&#8221; animation_delay=&#8221;900ms&#8221; animation_intensity_slide=&#8221;87%&#8221; use_custom_width=&#8221;on&#8221; width_unit=&#8221;off&#8221; custom_width_percent=&#8221;90%&#8221;][et_pb_column type=&#8221;1_2&#8243; _builder_version=&#8221;3.25&#8243; custom_padding=&#8221;|||&#8221; custom_padding__hover=&#8221;|||&#8221;][et_pb_image src=&#8221;https:\/\/www.imola.legacoop.it\/vitaminac\/wp-content\/uploads\/2021\/03\/AdobeStock_232437746-CUT-BASSA.jpeg&#8221; title_text=&#8221;AdobeStock_232437746 CUT BASSA&#8221; _builder_version=&#8221;4.9.2&#8243; _module_preset=&#8221;default&#8221; animation_style=&#8221;slide&#8221; animation_direction=&#8221;left&#8221; animation_duration=&#8221;1300ms&#8221;][\/et_pb_image][\/et_pb_column][et_pb_column type=&#8221;1_2&#8243; _builder_version=&#8221;3.25&#8243; custom_padding=&#8221;|||&#8221; custom_padding__hover=&#8221;|||&#8221;][et_pb_text module_class=&#8221;text&#8221; _builder_version=&#8221;4.9.7&#8243; _module_preset=&#8221;default&#8221; text_font_size=&#8221;16px&#8221; text_letter_spacing=&#8221;1px&#8221; text_orientation=&#8221;justified&#8221; custom_margin=&#8221;|||1px||&#8221; animation_style=&#8221;slide&#8221; animation_direction=&#8221;right&#8221; animation_duration=&#8221;1450ms&#8221; animation_intensity_slide=&#8221;31%&#8221;]<\/p>\n<p>Il progetto che nasce dalla volont\u00e0 di promuovere la cooperazione, preziosa risorsa economica per il nostro territorio e non solo, tra le giovani generazioni, ritenendoli risorse indispensabili per la promozione\/crescita di una forma d\u2019impresa intergenerazionale di default, diffondendo i principi che ne stanno alla base, fondamentali per costruire una societ\u00e0 pi\u00f9 equa, sostenibile e responsabile. Si ritiene in tal modo di concorrere alla formazione di cittadini responsabili, attivi e partecipativi, come previsto dalla L. 20 agosto 2019, n. 92 sull\u2019educazione civica, ma contemporaneamente di avvicinare il mondo della scuola al mondo del lavoro rafforzando il dialogo tra sistema economico e sistema scolastico, integrando il profilo educativo, culturale, e professionale degli studenti con la conoscenza di nuove opportunit\u00e0 lavorative.<\/p>\n<p class=\"Default\" style=\"text-align: justify;\">All\u2019interno del percorso di \u201cVitamina C\u201d si approfondiscono quindi i temi dell\u2019imprenditorialit\u00e0 e della creazione d\u2019impresa per riconoscersi nel documento della Commissione Europea \u201cEntreComp\u201d, (Entrepreneurship Competence Framework), ove l\u2019imprenditorialit\u00e0 \u00e8 intesa come una competenza trasversale chiave in tutte gli ambiti della vita, in quanto aiuta le persone ad essere pi\u00f9 creative, pi\u00f9 proattive, pi\u00f9 orientate a cogliere le opportunit\u00e0 e pi\u00f9 innovative, e viene definita come la \u201ccapacit\u00e0 di trasformare idee e opportunit\u00e0 in valore per s\u00e9 e per gli altri\u201d. Particolare attenzione viene poi dedicata all\u2019Agenda 2030 dell\u2019ONU ed alla promozione di modelli di impresa sostenibile, che garantiscano l&#8217;eguaglianza tra i soggetti, il lavoro dignitoso e il rispetto del territorio.<\/p>\n<p>Inoltre il progetto \u201cVitamina C\u201d si propone anche altri obiettivi di valenza quali :<\/p>\n<ul>\n<li>individuare e dimostrare le proprie soft skill personali indispensabili per la propria realizzazione personale e sempre pi\u00f9 oggetto di valutazione per l\u2019accesso al mondo del lavoro;<\/li>\n<li>sviluppare competenze e creativit\u00e0 per i giovani, per il loro futuro e quello della comunit\u00e0 attraverso nuove modalit\u00e0 di collaborazione e integrazione tra scuola e lavoro;<\/li>\n<li>valorizzare le risorse umane del territorio e le loro potenzialit\u00e0 attraverso la condivisione divulgazione e pubblicazione delle loro idee dando loro visibilit\u00e0 e opportunit\u00e0;<\/li>\n<li>diffondere mutualit\u00e0, partecipazione, legalit\u00e0, equit\u00e0 ma anche la creazione di imprese, anche solo come progetto di fattibilit\u00e0, che oltre a produrre profitto abbiano un impatto positivo su ambiente e individui.<\/li>\n<li>Promuovere sinergie tra giovani generazioni, collettivit\u00e0, cooperative, Istituzioni ed Enti locali per ricercare insieme soluzioni ai problemi e generare nuova occupazione in un\u2019ottica di cittadinanza consapevole perseguendo lo sviluppo economico unitamente a benessere sociale e tutela dell\u2019ambiente.<\/li>\n<\/ul>\n<p>&nbsp;<\/p>\n<p>[\/et_pb_text][\/et_pb_column][\/et_pb_row][et_pb_row _builder_version=&#8221;4.9.1&#8243; _module_preset=&#8221;default&#8221; animation_style=&#8221;slide&#8221; animation_direction=&#8221;left&#8221; animation_duration=&#8221;2000ms&#8221;][et_pb_column type=&#8221;4_4&#8243; _builder_version=&#8221;4.9.1&#8243; _module_preset=&#8221;default&#8221;][et_pb_text _builder_version=&#8221;4.9.7&#8243; _module_preset=&#8221;default&#8221; text_text_color=&#8221;#FFFFFF&#8221; text_font_size=&#8221;16px&#8221; text_letter_spacing=&#8221;1px&#8221; text_line_height=&#8221;1.8em&#8221; background_color=&#8221;#0C71C3&#8243; text_orientation=&#8221;justified&#8221; custom_padding=&#8221;17px|28px|25px|25px|false|false&#8221; box_shadow_style=&#8221;preset1&#8243; box_shadow_horizontal=&#8221;3px&#8221; box_shadow_vertical=&#8221;1px&#8221; box_shadow_blur=&#8221;65px&#8221; box_shadow_spread=&#8221;7px&#8221; box_shadow_color=&#8221;rgba(0,0,0,0.2)&#8221;]<\/p>\n<p><strong>Vitamina C<\/strong>\u00a0rientra nell\u2019ambito delle possibili proposte per l\u2019insegnamento dell\u2019educazione civica e dei Percorsi per le competenze trasversali e per l\u2019orientamento. Si provveder\u00e0 quindi a certificare, a tutti gli istituti interessati e che lo richiederanno, l\u2019ora di presenza alla \u201cPresentazione del Progetto \u201cVitamina C \u2013 cooperazione \u2013 condivisione e Cultura d\u2019impresa\u201d e le 9 ore di docenza in DAD oltre ad 1 ora per la compilazione del questionario di apprendimento, da redigersi on line a conclusione della prima fase del progetto. Per tutti coloro che proseguiranno il percorso redigendo anche il Business Model Canvas sulla loro idea imprenditoriale sar\u00e0 possibile certificare anche le ore per l\u2019elaborazione e la stesura del progetto (stimate in ulteriori 15 ore di cui 2\/3 di accompagnamento\/supporto), nonch\u00e9 le ore di lezione in plenaria per l\u2019utilizzo della Piattaforma MIRO\u2019 (2 ore circa), da utilizzarsi per l\u2019elaborazione del Business Model Canvas sull\u2019idea imprenditoriale, e per la redazione dell\u2019ELEVATOR PITCH (2 ore circa) oltre alla presenza all\u2019evento di premiazione (1 -2 ore da definirsi), per un totale complessivo di 30 \u2013 32 ore certificate.<\/p>\n<p>[\/et_pb_text][\/et_pb_column][\/et_pb_row][\/et_pb_section][et_pb_section fb_built=&#8221;1&#8243; admin_label=&#8221;Subscription Section&#8221; _builder_version=&#8221;4.9.2&#8243; use_background_color_gradient=&#8221;on&#8221; background_color_gradient_start=&#8221;rgba(104,153,193,0.24)&#8221; background_color_gradient_end=&#8221;rgba(0,0,0,0)&#8221; background_color_gradient_type=&#8221;radial&#8221; background_color_gradient_start_position=&#8221;27%&#8221; background_color_gradient_overlays_image=&#8221;on&#8221; background_image=&#8221;https:\/\/www.imola.legacoop.it\/vitaminac\/wp-content\/uploads\/2021\/03\/VITAMINA-C-BASE-OK.png&#8221; background_size=&#8221;contain&#8221; background_position=&#8221;bottom_center&#8221; custom_padding=&#8221;8px||27px|||&#8221; global_module=&#8221;278&#8243;][et_pb_row _builder_version=&#8221;4.9.1&#8243; _module_preset=&#8221;default&#8221; custom_padding=&#8221;56px|||||&#8221;][et_pb_column type=&#8221;4_4&#8243; _builder_version=&#8221;4.9.1&#8243; _module_preset=&#8221;default&#8221;][et_pb_image src=&#8221;https:\/\/www.imola.legacoop.it\/vitaminac\/wp-content\/uploads\/2021\/03\/VITAMINA-C-LOGO-2021-300-dpi.png&#8221; title_text=&#8221;VITAMINA C LOGO 2021 300 dpi&#8221; align=&#8221;center&#8221; _builder_version=&#8221;4.9.2&#8243; _module_preset=&#8221;default&#8221; width=&#8221;48%&#8221; custom_padding=&#8221;11px|||||&#8221; animation_style=&#8221;fade&#8221; animation_duration=&#8221;2000ms&#8221;][\/et_pb_image][et_pb_text admin_label=&#8221;Subtitle&#8221; _builder_version=&#8221;4.9.7&#8243; text_font=&#8221;||||||||&#8221; text_text_color=&#8221;#0C71C3&#8243; text_font_size=&#8221;18px&#8221; text_line_height=&#8221;2.2em&#8221; header_font=&#8221;||||||||&#8221; header_2_font=&#8221;||||||||&#8221; text_orientation=&#8221;center&#8221; background_layout=&#8221;dark&#8221; max_width=&#8221;700px&#8221; module_alignment=&#8221;center&#8221; animation_style=&#8221;fade&#8221; animation_direction=&#8221;left&#8221; animation_starting_opacity=&#8221;100%&#8221; hover_enabled=&#8221;0&#8243; sticky_enabled=&#8221;0&#8243;]<\/p>\n<p><span>Copyright \u00a9 2022 | Tutti i diritti riservati.<\/span><\/p>\n<p>[\/et_pb_text][et_pb_text admin_label=&#8221;Subtitle&#8221; _builder_version=&#8221;4.9.1&#8243; text_font=&#8221;||||||||&#8221; text_text_color=&#8221;#0C71C3&#8243; text_font_size=&#8221;18px&#8221; text_line_height=&#8221;2.2em&#8221; header_font=&#8221;||||||||&#8221; header_2_font=&#8221;||||||||&#8221; text_orientation=&#8221;center&#8221; background_layout=&#8221;dark&#8221; max_width=&#8221;700px&#8221; module_alignment=&#8221;center&#8221; animation_style=&#8221;fade&#8221; animation_direction=&#8221;left&#8221; animation_starting_opacity=&#8221;100%&#8221;]<\/p>\n<p>&nbsp;<\/p>\n<p>&nbsp;<\/p>\n<p>[\/et_pb_text][\/et_pb_column][\/et_pb_row][et_pb_row _builder_version=&#8221;4.9.1&#8243; _module_preset=&#8221;default&#8221; custom_padding=&#8221;0px||113px|||&#8221;][et_pb_column type=&#8221;4_4&#8243; _builder_version=&#8221;4.9.1&#8243; _module_preset=&#8221;default&#8221;][\/et_pb_column][\/et_pb_row][et_pb_row _builder_version=&#8221;3.25&#8243; custom_padding=&#8221;55px|||||&#8221; locked=&#8221;off&#8221;][et_pb_column type=&#8221;4_4&#8243; _builder_version=&#8221;3.25&#8243; custom_padding=&#8221;|||&#8221; custom_padding__hover=&#8221;|||&#8221;][\/et_pb_column][\/et_pb_row][\/et_pb_section]<\/p>\n","protected":false},"excerpt":{"rendered":"<p>OBIETTIVIImprenditorialit\u00e0: \u201ccompetenza trasversale chiave in tutte le sfere della vita, in quanto definita come la capacit\u00e0 di trasformare idee e opportunit\u00e0 in valore per s\u00e9 e per gli altri attraverso la mobilizzazione di risorse\u201d- Studio EntreComp, Commissione europea.Il progetto che nasce dalla volont\u00e0 di promuovere la cooperazione, preziosa risorsa economica per il nostro territorio e [&hellip;]<\/p>\n","protected":false},"author":1,"featured_media":0,"parent":0,"menu_order":0,"comment_status":"closed","ping_status":"closed","template":"","meta":{"_et_pb_use_builder":"on","_et_pb_old_content":"","_et_gb_content_width":"","ngg_post_thumbnail":0,"footnotes":""},"_links":{"self":[{"href":"https:\/\/www.imola.legacoop.it\/vitaminac\/index.php?rest_route=\/wp\/v2\/pages\/1130"}],"collection":[{"href":"https:\/\/www.imola.legacoop.it\/vitaminac\/index.php?rest_route=\/wp\/v2\/pages"}],"about":[{"href":"https:\/\/www.imola.legacoop.it\/vitaminac\/index.php?rest_route=\/wp\/v2\/types\/page"}],"author":[{"embeddable":true,"href":"https:\/\/www.imola.legacoop.it\/vitaminac\/index.php?rest_route=\/wp\/v2\/users\/1"}],"replies":[{"embeddable":true,"href":"https:\/\/www.imola.legacoop.it\/vitaminac\/index.php?rest_route=%2Fwp%2Fv2%2Fcomments&post=1130"}],"version-history":[{"count":4,"href":"https:\/\/www.imola.legacoop.it\/vitaminac\/index.php?rest_route=\/wp\/v2\/pages\/1130\/revisions"}],"predecessor-version":[{"id":1185,"href":"https:\/\/www.imola.legacoop.it\/vitaminac\/index.php?rest_route=\/wp\/v2\/pages\/1130\/revisions\/1185"}],"wp:attachment":[{"href":"https:\/\/www.imola.legacoop.it\/vitaminac\/index.php?rest_route=%2Fwp%2Fv2%2Fmedia&parent=1130"}],"curies":[{"name":"wp","href":"https:\/\/api.w.org\/{rel}","templated":true}]}}