{"id":1140,"date":"2022-03-02T12:25:08","date_gmt":"2022-03-02T12:25:08","guid":{"rendered":"https:\/\/www.imola.legacoop.it\/vitaminac\/?page_id=1140"},"modified":"2022-03-03T11:23:50","modified_gmt":"2022-03-03T11:23:50","slug":"fasi-2022","status":"publish","type":"page","link":"https:\/\/www.imola.legacoop.it\/vitaminac\/?page_id=1140","title":{"rendered":"FASI &#8211; 2022"},"content":{"rendered":"<p>[et_pb_section fb_built=&#8221;1&#8243; _builder_version=&#8221;4.9.1&#8243; _module_preset=&#8221;default&#8221; custom_padding=&#8221;13px||9px|||&#8221;][et_pb_row _builder_version=&#8221;3.25&#8243; custom_padding=&#8221;12px|||||&#8221;][et_pb_column type=&#8221;4_4&#8243; _builder_version=&#8221;3.25&#8243; custom_padding=&#8221;|||&#8221; custom_padding__hover=&#8221;|||&#8221;][et_pb_image src=&#8221;https:\/\/www.imola.legacoop.it\/vitaminac\/wp-content\/uploads\/2021\/03\/preloader_v2.svg&#8221; title_text=&#8221;preloader_v2&#8243; align=&#8221;center&#8221; _builder_version=&#8221;4.9.1&#8243; _module_preset=&#8221;default&#8221; width=&#8221;11%&#8221; max_width=&#8221;19%&#8221; custom_margin=&#8221;||15px|||&#8221;][\/et_pb_image][et_pb_text _builder_version=&#8221;4.9.1&#8243; _module_preset=&#8221;default&#8221; text_font=&#8221;Allerta Stencil||||||||&#8221; text_text_color=&#8221;#0C71C3&#8243; text_font_size=&#8221;36px&#8221; text_letter_spacing=&#8221;18px&#8221; text_line_height=&#8221;2em&#8221; text_font_size_tablet=&#8221;&#8221; text_font_size_phone=&#8221;36px&#8221; text_font_size_last_edited=&#8221;on|phone&#8221;]<\/p>\n<p style=\"text-align: center;\">FASI<\/p>\n<p>[\/et_pb_text][et_pb_text _builder_version=&#8221;4.9.1&#8243; _module_preset=&#8221;default&#8221; text_font=&#8221;||||||||&#8221; text_text_color=&#8221;#0C71C3&#8243; text_font_size=&#8221;30px&#8221; text_letter_spacing=&#8221;5px&#8221; text_line_height=&#8221;1.8em&#8221; header_font_size=&#8221;13px&#8221;]<\/p>\n<p style=\"text-align: center;\"><span>Il progetto si articola su quattro fasi principali:<\/span><\/p>\n<p>[\/et_pb_text][\/et_pb_column][\/et_pb_row][\/et_pb_section][et_pb_section fb_built=&#8221;1&#8243; admin_label=&#8221;Feature Section&#8221; _builder_version=&#8221;3.22&#8243; custom_padding=&#8221;4px||120px|||&#8221;][et_pb_row column_structure=&#8221;1_2,1_2&#8243; _builder_version=&#8221;4.9.1&#8243; _module_preset=&#8221;default&#8221;][et_pb_column type=&#8221;1_2&#8243; _builder_version=&#8221;4.9.1&#8243; _module_preset=&#8221;default&#8221;][et_pb_image src=&#8221;https:\/\/www.imola.legacoop.it\/vitaminac\/wp-content\/uploads\/2021\/03\/preloader_v2.svg&#8221; title_text=&#8221;preloader_v2&#8243; show_bottom_space=&#8221;off&#8221; force_fullwidth=&#8221;on&#8221; align_tablet=&#8221;center&#8221; align_phone=&#8221;&#8221; align_last_edited=&#8221;on|desktop&#8221; _builder_version=&#8221;4.9.1&#8243; min_height=&#8221;266px&#8221; height=&#8221;257px&#8221; filter_hue_rotate=&#8221;153deg&#8221; filter_saturate=&#8221;132%&#8221; animation_style=&#8221;slide&#8221; animation_direction=&#8221;left&#8221; animation_duration=&#8221;2000ms&#8221; animation_intensity_slide=&#8221;58%&#8221; animation_starting_opacity=&#8221;100%&#8221;][\/et_pb_image][\/et_pb_column][et_pb_column type=&#8221;1_2&#8243; _builder_version=&#8221;4.9.1&#8243; _module_preset=&#8221;default&#8221;][et_pb_blurb title=&#8221;1. WEBINAR in Plenaria.&#8221; use_icon=&#8221;on&#8221; font_icon=&#8221;%%57%%&#8221; icon_color=&#8221;#93b786&#8243; icon_placement=&#8221;left&#8221; use_icon_font_size=&#8221;on&#8221; icon_font_size=&#8221;32px&#8221; _builder_version=&#8221;4.9.7&#8243; header_font=&#8221;||||||||&#8221; header_font_size=&#8221;24px&#8221; header_line_height=&#8221;1.3em&#8221; body_font=&#8221;Quattrocento||||||||&#8221; body_font_size=&#8221;16px&#8221; body_line_height=&#8221;1.8em&#8221; text_orientation=&#8221;justified&#8221; custom_margin=&#8221;-40px|-3px||||&#8221; custom_padding=&#8221;38px|||||&#8221; hover_enabled=&#8221;0&#8243; sticky_enabled=&#8221;0&#8243;]<\/p>\n<p><span>Evento iniziale in cui interverranno le istituzioni, le cooperative aderenti all\u2019Alleanza delle cooperative Italiane Imola e tutti i ragazzi\/e frequentanti le classi III^, IV^ o V^ degli Istituti Superiori del Circondario che hanno aderito al progetto ove oltre ad essere illustrate le peculiarit\u00e0 del movimento cooperativo sul territorio e la struttura del progetto, si valorizzeranno le finalit\u00e0 dello stesso e si presenter\u00e0 la piattaforma MIRO\u2019 su cui i ragazzi dovranno lavorare per la presentazione del loro progetto d\u2019impresa cercando in tal modo di suscitare interesse nei ragazzi e motivarli alla partecipazione a questa nuova edizione del progetto.<\/span><\/p>\n<p>[\/et_pb_blurb][\/et_pb_column][\/et_pb_row][\/et_pb_section][et_pb_section fb_built=&#8221;1&#8243; admin_label=&#8221;Feature Section&#8221; _builder_version=&#8221;3.22&#8243; custom_padding=&#8221;4px||120px|||&#8221;][et_pb_row column_structure=&#8221;1_2,1_2&#8243; _builder_version=&#8221;4.9.1&#8243; _module_preset=&#8221;default&#8221;][et_pb_column type=&#8221;1_2&#8243; _builder_version=&#8221;4.9.1&#8243; _module_preset=&#8221;default&#8221;][et_pb_image src=&#8221;https:\/\/www.imola.legacoop.it\/vitaminac\/wp-content\/uploads\/2021\/03\/preloader_v2.svg&#8221; title_text=&#8221;preloader_v2&#8243; show_bottom_space=&#8221;off&#8221; force_fullwidth=&#8221;on&#8221; align_tablet=&#8221;center&#8221; align_phone=&#8221;&#8221; align_last_edited=&#8221;on|desktop&#8221; _builder_version=&#8221;4.9.1&#8243; min_height=&#8221;266px&#8221; height=&#8221;257px&#8221; filter_hue_rotate=&#8221;68deg&#8221; filter_saturate=&#8221;132%&#8221; animation_style=&#8221;slide&#8221; animation_direction=&#8221;left&#8221; animation_duration=&#8221;2000ms&#8221; animation_intensity_slide=&#8221;58%&#8221; animation_starting_opacity=&#8221;100%&#8221;][\/et_pb_image][\/et_pb_column][et_pb_column type=&#8221;1_2&#8243; _builder_version=&#8221;4.9.1&#8243; _module_preset=&#8221;default&#8221;][et_pb_blurb title=&#8221;2. Formazione degli insegnanti e dei ragazzi.&#8221; use_icon=&#8221;on&#8221; font_icon=&#8221;%%57%%&#8221; icon_color=&#8221;#93b786&#8243; icon_placement=&#8221;left&#8221; use_icon_font_size=&#8221;on&#8221; icon_font_size=&#8221;32px&#8221; _builder_version=&#8221;4.9.7&#8243; header_font=&#8221;||||||||&#8221; header_font_size=&#8221;24px&#8221; header_line_height=&#8221;1.3em&#8221; body_font=&#8221;Quattrocento||||||||&#8221; body_font_size=&#8221;16px&#8221; body_line_height=&#8221;1.8em&#8221; text_orientation=&#8221;justified&#8221; custom_margin=&#8221;-40px|-3px||||&#8221; custom_padding=&#8221;38px|||||&#8221; hover_enabled=&#8221;0&#8243; sticky_enabled=&#8221;0&#8243;]<\/p>\n<p>\u00c8 <span>la fase del progetto finalizzata all\u2019approfondimento dei temi dell\u2019impresa cooperativa, allo sviluppo dell\u2019idea imprenditoriale (come nasce e cosa occorre analizzare per valutare la fattibilit\u00e0 dell\u2019impresa), a valorizzare l\u2019importanza di coniugare, oggi pi\u00f9 che mai, il business aziendale non solo con l\u2019innovazione e la digitalizzazione ma anche con l\u2019attenzione all\u2019ambiente e al sociale, per dar vita ad imprese sostenibili in linea con gli obiettivi SDGs dell\u2019Agenda 2030 dell\u2019ONU, a valorizzare l\u2019importanza del lavorare nella legalit\u00e0 e per la legalit\u00e0, per l\u2019equit\u00e0, per la mutualit\u00e0 e l\u2019intergenerazionalit\u00e0, valori fondanti della cooperazione. Si prevedono <em>incontri di un\u2019ora ciascuno, da remoto, in orario scolastico per un monte ore complessivo pari a 10 (inclusa la presentazione del progetto). <\/em><strong>In questa fase sono previste<\/strong> <strong>testimonianze di imprese cooperative<\/strong>, possibilmente operanti in settori attinenti al percorso scolastico dei ragazzi per <strong>condividere con gli studenti l\u2019importanza economica di queste imprese per il territorio<\/strong> <strong>e come le stesse siano impegnate da sempre, non solo nell\u2019innovazione e nella ricerca, per la creazione di nuovi business dettati da una societ\u00e0 in continuo cambiamento, ma anche per uno sviluppo sostenibile.<\/strong> Al termine del percorso formativo gli studenti dovranno compilare un questionario per verificare il grado di apprendimento dei temi trattati che sar\u00e0 rilasciato alla scuola<em>. <\/em><\/span><\/p>\n<p>[\/et_pb_blurb][\/et_pb_column][\/et_pb_row][\/et_pb_section][et_pb_section fb_built=&#8221;1&#8243; admin_label=&#8221;Feature Section&#8221; _builder_version=&#8221;3.22&#8243; custom_padding=&#8221;4px||120px|||&#8221;][et_pb_row column_structure=&#8221;1_2,1_2&#8243; _builder_version=&#8221;4.9.1&#8243; _module_preset=&#8221;default&#8221;][et_pb_column type=&#8221;1_2&#8243; _builder_version=&#8221;4.9.1&#8243; _module_preset=&#8221;default&#8221;][et_pb_image src=&#8221;https:\/\/www.imola.legacoop.it\/vitaminac\/wp-content\/uploads\/2021\/03\/preloader_v2.svg&#8221; title_text=&#8221;preloader_v2&#8243; show_bottom_space=&#8221;off&#8221; force_fullwidth=&#8221;on&#8221; align_tablet=&#8221;center&#8221; align_phone=&#8221;&#8221; align_last_edited=&#8221;on|desktop&#8221; _builder_version=&#8221;4.9.1&#8243; min_height=&#8221;266px&#8221; height=&#8221;257px&#8221; filter_hue_rotate=&#8221;296deg&#8221; filter_saturate=&#8221;132%&#8221; animation_style=&#8221;slide&#8221; animation_direction=&#8221;left&#8221; animation_duration=&#8221;2000ms&#8221; animation_intensity_slide=&#8221;58%&#8221; animation_starting_opacity=&#8221;100%&#8221;][\/et_pb_image][\/et_pb_column][et_pb_column type=&#8221;1_2&#8243; _builder_version=&#8221;4.9.1&#8243; _module_preset=&#8221;default&#8221;][et_pb_blurb title=&#8221;3. I lavori di gruppo, realizzati dagli studenti, per sviluppare una loro idea imprenditoriale in forma cooperativa. &#8221; use_icon=&#8221;on&#8221; font_icon=&#8221;%%57%%&#8221; icon_color=&#8221;#93b786&#8243; icon_placement=&#8221;left&#8221; use_icon_font_size=&#8221;on&#8221; icon_font_size=&#8221;32px&#8221; _builder_version=&#8221;4.9.7&#8243; header_font=&#8221;||||||||&#8221; header_font_size=&#8221;24px&#8221; header_line_height=&#8221;1.3em&#8221; body_font=&#8221;Quattrocento||||||||&#8221; body_font_size=&#8221;16px&#8221; body_line_height=&#8221;1.8em&#8221; custom_margin=&#8221;-40px|-3px||||&#8221; custom_padding=&#8221;38px|||||&#8221; hover_enabled=&#8221;0&#8243; sticky_enabled=&#8221;0&#8243;]<\/p>\n<p><span>I partecipanti si organizzeranno in piccoli gruppi, che lavoreranno in autonomia per sviluppare una prima stesura del progetto imprenditoriale da loro individuato, sulla base di uno schema a loro disposizione preventivamente illustrato e commentato, onde rispondere a bisogni del territorio, esigenze personali o del gruppo, coniugandoli con i valori cooperativi e gli obiettivi SDGs dell\u2019Agenda 2030 dell\u2019ONU. A supporto di questa attivit\u00e0 verr\u00e0 messo a loro disposizione tutto il materiale utilizzato nelle docenze sul sito appositamente creato per il progetto e data la possibilit\u00e0 di farsi supportare da un tutor, in presenza o da remoto, con il quale confrontarsi su problematiche specifiche, per 2-3 ore circa. Per coloro che proseguono il percorso inoltre si organizzeranno in plenaria, in presenza o da remoto, ulteriori due docenze di circa 2 ore, molto operative, per supportarli sia nell\u2019utilizzo della Piattaforma MIRO\u2019 su cui dovranno lavorare per l\u2019elaborazione del Business Model Canvas che nella stesura dell\u2019elevator pich (presentazione sintetica ed efficace dell\u2019idea d\u2019impresa che potr\u00e0 essere una presentazione di slide, un video, entrambe le cose o altro\u2026<\/span>)\u00a0 che dovranno consegnare unitamente al progetto per la pubblicazione sul sito consentendo la votazione on line dei progetti, oltrech\u00e8 eventualmente essere utilizzato per esporre l\u2019idea durante l\u2019evento di premiazione.<\/p>\n<p>[\/et_pb_blurb][\/et_pb_column][\/et_pb_row][\/et_pb_section][et_pb_section fb_built=&#8221;1&#8243; admin_label=&#8221;Feature Section&#8221; _builder_version=&#8221;3.22&#8243; custom_padding=&#8221;4px||120px|||&#8221;][et_pb_row column_structure=&#8221;1_2,1_2&#8243; _builder_version=&#8221;4.9.1&#8243; _module_preset=&#8221;default&#8221;][et_pb_column type=&#8221;1_2&#8243; _builder_version=&#8221;4.9.1&#8243; _module_preset=&#8221;default&#8221;][et_pb_image src=&#8221;https:\/\/www.imola.legacoop.it\/vitaminac\/wp-content\/uploads\/2021\/03\/preloader_v2.svg&#8221; title_text=&#8221;preloader_v2&#8243; show_bottom_space=&#8221;off&#8221; force_fullwidth=&#8221;on&#8221; align_tablet=&#8221;center&#8221; align_phone=&#8221;&#8221; align_last_edited=&#8221;on|desktop&#8221; _builder_version=&#8221;4.9.1&#8243; min_height=&#8221;266px&#8221; height=&#8221;257px&#8221; filter_hue_rotate=&#8221;99deg&#8221; filter_saturate=&#8221;132%&#8221; animation_style=&#8221;slide&#8221; animation_direction=&#8221;left&#8221; animation_duration=&#8221;2000ms&#8221; animation_intensity_slide=&#8221;58%&#8221; animation_starting_opacity=&#8221;100%&#8221;][\/et_pb_image][\/et_pb_column][et_pb_column type=&#8221;1_2&#8243; _builder_version=&#8221;4.9.1&#8243; _module_preset=&#8221;default&#8221;][et_pb_blurb title=&#8221;4. Premiazione dei migliori progetti ed evento finale&#8221; use_icon=&#8221;on&#8221; font_icon=&#8221;%%57%%&#8221; icon_color=&#8221;#93b786&#8243; icon_placement=&#8221;left&#8221; use_icon_font_size=&#8221;on&#8221; icon_font_size=&#8221;32px&#8221; _builder_version=&#8221;4.9.7&#8243; header_font=&#8221;||||||||&#8221; header_font_size=&#8221;24px&#8221; header_line_height=&#8221;1.3em&#8221; body_font=&#8221;Quattrocento||||||||&#8221; body_font_size=&#8221;16px&#8221; body_line_height=&#8221;1.8em&#8221; custom_margin=&#8221;-40px|-3px||||&#8221; custom_padding=&#8221;38px|||||&#8221; hover_enabled=&#8221;0&#8243; sticky_enabled=&#8221;0&#8243;]<\/p>\n<p><span>Tutti i lavori elaborati saranno oggetto di valutazione da parte di una commissione, composta da rappresentanti dell\u2019Alleanza delle Cooperative Italiane Imola ma anche di Istituzioni ed Enti sostenitori del progetto, consulenti, imprenditori ed esperti, che selezioner\u00e0 i vincitori sulla base di una graduatoria risultante dalla valutazione di originalit\u00e0 dell\u2019idea, fattibilit\u00e0, analisi del prodotto e del mercato, sostenibilit\u00e0. <\/span><\/p>\n<p>[\/et_pb_blurb][\/et_pb_column][\/et_pb_row][\/et_pb_section][et_pb_section fb_built=&#8221;1&#8243; admin_label=&#8221;Team Member Section&#8221; _builder_version=&#8221;4.9.2&#8243; use_background_color_gradient=&#8221;on&#8221; background_color_gradient_start=&#8221;#31e9f9&#8243; background_color_gradient_end=&#8221;#ffffff&#8221; background_image=&#8221;https:\/\/www.imola.legacoop.it\/vitaminac\/wp-content\/uploads\/2021\/03\/VITAMINA-C-BASE-OK.png&#8221; background_blend=&#8221;overlay&#8221; custom_margin=&#8221;45px||||false|false&#8221; custom_padding=&#8221;33px||90px|||&#8221; animation_style=&#8221;slide&#8221; animation_duration=&#8221;1850ms&#8221; animation_intensity_slide=&#8221;88%&#8221; box_shadow_style=&#8221;preset1&#8243; box_shadow_blur=&#8221;44px&#8221;][et_pb_row _builder_version=&#8221;3.25&#8243;][et_pb_column type=&#8221;4_4&#8243; _builder_version=&#8221;3.25&#8243; custom_padding=&#8221;|||&#8221; custom_padding__hover=&#8221;|||&#8221;][et_pb_text _builder_version=&#8221;4.9.1&#8243; _module_preset=&#8221;default&#8221; text_font=&#8221;Allerta Stencil||||||||&#8221; text_text_color=&#8221;#0C71C3&#8243; text_font_size=&#8221;36px&#8221; text_letter_spacing=&#8221;18px&#8221; text_line_height=&#8221;2em&#8221; custom_margin=&#8221;||-20px|||&#8221;]<\/p>\n<p style=\"text-align: center;\">I PREMI<\/p>\n<p>[\/et_pb_text][\/et_pb_column][\/et_pb_row][et_pb_row _builder_version=&#8221;3.25&#8243; locked=&#8221;off&#8221;][et_pb_column type=&#8221;4_4&#8243; _builder_version=&#8221;3.25&#8243; custom_padding=&#8221;|||&#8221; custom_padding__hover=&#8221;|||&#8221;][et_pb_text admin_label=&#8221;Subtitle&#8221; _builder_version=&#8221;4.9.2&#8243; text_font=&#8221;Quattrocento||||||||&#8221; text_text_color=&#8221;#000000&#8243; text_font_size=&#8221;19px&#8221; text_line_height=&#8221;1.8em&#8221; header_font=&#8221;||||||||&#8221; header_2_font=&#8221;||||||||&#8221; text_orientation=&#8221;justified&#8221; width=&#8221;80%&#8221; module_alignment=&#8221;center&#8221; custom_padding=&#8221;|0px||||&#8221; animation_style=&#8221;fade&#8221; animation_direction=&#8221;left&#8221; animation_starting_opacity=&#8221;100%&#8221;]<\/p>\n<p>Agli ideatori dei primi tre progetti classificati verr\u00e0 riconosciuto un premio, ancora da definirsi, per ciascun componente del Gruppo. Per la consegna si organizzer\u00e0 un evento in presenza o da remoto, ancora da definirsi, al quale saranno invitati oltre ai ragazzi\/e, docenti e dirigenti Scolastici coinvolti, rappresentanti dell\u2019Alleanza delle Cooperative Italiane Imola, autorit\u00e0 e cooperatori.<br \/>Visto il gradimento riscontrato nelle passate edizioni di \u201cVitamina C\u201d, si vorrebbe continuare a dare la <strong>possibilit\u00e0 di votare in rete i progetti<\/strong>, tramite la visualizzazione dell\u2019<strong>elevator pitch del progetto, riconoscendo un ulteriore premio<\/strong> all\u2019idea che avr\u00e0 riscontrato il maggior numero di \u201clike\u201d tra i primi \u201cX\u201d lavori (il numero sar\u00e0 definito in base al numero di progetti in gara) della graduatoria redatta dalla commisione.<\/p>\n<p>[\/et_pb_text][\/et_pb_column][\/et_pb_row][\/et_pb_section][et_pb_section fb_built=&#8221;1&#8243; admin_label=&#8221;Subscription Section&#8221; _builder_version=&#8221;4.9.2&#8243; use_background_color_gradient=&#8221;on&#8221; background_color_gradient_start=&#8221;rgba(104,153,193,0.24)&#8221; background_color_gradient_end=&#8221;rgba(0,0,0,0)&#8221; background_color_gradient_type=&#8221;radial&#8221; background_color_gradient_start_position=&#8221;27%&#8221; background_color_gradient_overlays_image=&#8221;on&#8221; background_image=&#8221;https:\/\/www.imola.legacoop.it\/vitaminac\/wp-content\/uploads\/2021\/03\/VITAMINA-C-BASE-OK.png&#8221; background_size=&#8221;contain&#8221; background_position=&#8221;bottom_center&#8221; custom_padding=&#8221;8px||27px|||&#8221; global_module=&#8221;278&#8243;][et_pb_row _builder_version=&#8221;4.9.1&#8243; _module_preset=&#8221;default&#8221; custom_padding=&#8221;56px|||||&#8221;][et_pb_column type=&#8221;4_4&#8243; _builder_version=&#8221;4.9.1&#8243; _module_preset=&#8221;default&#8221;][et_pb_image src=&#8221;https:\/\/www.imola.legacoop.it\/vitaminac\/wp-content\/uploads\/2021\/03\/VITAMINA-C-LOGO-2021-300-dpi.png&#8221; title_text=&#8221;VITAMINA C LOGO 2021 300 dpi&#8221; align=&#8221;center&#8221; _builder_version=&#8221;4.9.2&#8243; _module_preset=&#8221;default&#8221; width=&#8221;48%&#8221; custom_padding=&#8221;11px|||||&#8221; animation_style=&#8221;fade&#8221; animation_duration=&#8221;2000ms&#8221;][\/et_pb_image][et_pb_text admin_label=&#8221;Subtitle&#8221; _builder_version=&#8221;4.9.7&#8243; text_font=&#8221;||||||||&#8221; text_text_color=&#8221;#0C71C3&#8243; text_font_size=&#8221;18px&#8221; text_line_height=&#8221;2.2em&#8221; header_font=&#8221;||||||||&#8221; header_2_font=&#8221;||||||||&#8221; text_orientation=&#8221;center&#8221; background_layout=&#8221;dark&#8221; max_width=&#8221;700px&#8221; module_alignment=&#8221;center&#8221; animation_style=&#8221;fade&#8221; animation_direction=&#8221;left&#8221; animation_starting_opacity=&#8221;100%&#8221;]<\/p>\n<p><span>Copyright \u00a9 2022 | Tutti i diritti riservati.<\/span><\/p>\n<p>[\/et_pb_text][et_pb_text admin_label=&#8221;Subtitle&#8221; _builder_version=&#8221;4.9.1&#8243; text_font=&#8221;||||||||&#8221; text_text_color=&#8221;#0C71C3&#8243; text_font_size=&#8221;18px&#8221; text_line_height=&#8221;2.2em&#8221; header_font=&#8221;||||||||&#8221; header_2_font=&#8221;||||||||&#8221; text_orientation=&#8221;center&#8221; background_layout=&#8221;dark&#8221; max_width=&#8221;700px&#8221; module_alignment=&#8221;center&#8221; animation_style=&#8221;fade&#8221; animation_direction=&#8221;left&#8221; animation_starting_opacity=&#8221;100%&#8221;]<\/p>\n<p>&nbsp;<\/p>\n<p>&nbsp;<\/p>\n<p>[\/et_pb_text][\/et_pb_column][\/et_pb_row][et_pb_row _builder_version=&#8221;4.9.1&#8243; _module_preset=&#8221;default&#8221; custom_padding=&#8221;0px||113px|||&#8221;][et_pb_column type=&#8221;4_4&#8243; _builder_version=&#8221;4.9.1&#8243; _module_preset=&#8221;default&#8221;][\/et_pb_column][\/et_pb_row][et_pb_row _builder_version=&#8221;3.25&#8243; custom_padding=&#8221;55px|||||&#8221; locked=&#8221;off&#8221;][et_pb_column type=&#8221;4_4&#8243; _builder_version=&#8221;3.25&#8243; custom_padding=&#8221;|||&#8221; custom_padding__hover=&#8221;|||&#8221;][\/et_pb_column][\/et_pb_row][\/et_pb_section]<\/p>\n","protected":false},"excerpt":{"rendered":"<p>FASIIl progetto si articola su quattro fasi principali:Evento iniziale in cui interverranno le istituzioni, le cooperative aderenti all\u2019Alleanza delle cooperative Italiane Imola e tutti i ragazzi\/e frequentanti le classi III^, IV^ o V^ degli Istituti Superiori del Circondario che hanno aderito al progetto ove oltre ad essere illustrate le peculiarit\u00e0 del movimento cooperativo sul territorio [&hellip;]<\/p>\n","protected":false},"author":1,"featured_media":0,"parent":0,"menu_order":0,"comment_status":"closed","ping_status":"closed","template":"","meta":{"_et_pb_use_builder":"on","_et_pb_old_content":"","_et_gb_content_width":"","ngg_post_thumbnail":0,"footnotes":""},"_links":{"self":[{"href":"https:\/\/www.imola.legacoop.it\/vitaminac\/index.php?rest_route=\/wp\/v2\/pages\/1140"}],"collection":[{"href":"https:\/\/www.imola.legacoop.it\/vitaminac\/index.php?rest_route=\/wp\/v2\/pages"}],"about":[{"href":"https:\/\/www.imola.legacoop.it\/vitaminac\/index.php?rest_route=\/wp\/v2\/types\/page"}],"author":[{"embeddable":true,"href":"https:\/\/www.imola.legacoop.it\/vitaminac\/index.php?rest_route=\/wp\/v2\/users\/1"}],"replies":[{"embeddable":true,"href":"https:\/\/www.imola.legacoop.it\/vitaminac\/index.php?rest_route=%2Fwp%2Fv2%2Fcomments&post=1140"}],"version-history":[{"count":3,"href":"https:\/\/www.imola.legacoop.it\/vitaminac\/index.php?rest_route=\/wp\/v2\/pages\/1140\/revisions"}],"predecessor-version":[{"id":1179,"href":"https:\/\/www.imola.legacoop.it\/vitaminac\/index.php?rest_route=\/wp\/v2\/pages\/1140\/revisions\/1179"}],"wp:attachment":[{"href":"https:\/\/www.imola.legacoop.it\/vitaminac\/index.php?rest_route=%2Fwp%2Fv2%2Fmedia&parent=1140"}],"curies":[{"name":"wp","href":"https:\/\/api.w.org\/{rel}","templated":true}]}}