{"id":12,"date":"2021-03-09T09:16:47","date_gmt":"2021-03-09T09:16:47","guid":{"rendered":"https:\/\/www.imola.legacoop.it\/vitaminac\/?page_id=12"},"modified":"2022-03-03T11:22:30","modified_gmt":"2022-03-03T11:22:30","slug":"materiali-2021","status":"publish","type":"page","link":"https:\/\/www.imola.legacoop.it\/vitaminac\/?page_id=12","title":{"rendered":"MATERIALI &#8211; 2021"},"content":{"rendered":"<p>[et_pb_section fb_built=&#8221;1&#8243; admin_label=&#8221;Featured Collections Section&#8221; _builder_version=&#8221;4.9.1&#8243; background_enable_image=&#8221;off&#8221; background_position=&#8221;center_right&#8221; max_width=&#8221;80%&#8221; module_alignment=&#8221;center&#8221; custom_margin=&#8221;-6%|||&#8221; custom_padding=&#8221;112px||87px|||&#8221; animation_style=&#8221;slide&#8221; animation_direction=&#8221;left&#8221; animation_intensity_slide=&#8221;2%&#8221; animation_starting_opacity=&#8221;100%&#8221; locked=&#8221;off&#8221;][et_pb_row _builder_version=&#8221;4.9.2&#8243; custom_padding=&#8221;8px|||||&#8221; animation_style=&#8221;slide&#8221; animation_direction=&#8221;top&#8221; animation_duration=&#8221;2000ms&#8221; animation_intensity_slide=&#8221;41%&#8221;][et_pb_column type=&#8221;4_4&#8243; _builder_version=&#8221;3.25&#8243; custom_padding=&#8221;|||&#8221; custom_padding__hover=&#8221;|||&#8221;][et_pb_image src=&#8221;https:\/\/www.imola.legacoop.it\/vitaminac\/wp-content\/uploads\/2021\/03\/preloader_v2.svg&#8221; title_text=&#8221;preloader_v2&#8243; align=&#8221;center&#8221; _builder_version=&#8221;4.9.1&#8243; _module_preset=&#8221;default&#8221; width=&#8221;11%&#8221; max_width=&#8221;19%&#8221; custom_margin=&#8221;||15px|||&#8221;][\/et_pb_image][et_pb_text _builder_version=&#8221;4.9.1&#8243; _module_preset=&#8221;default&#8221; text_font=&#8221;Allerta Stencil||||||||&#8221; text_text_color=&#8221;#0C71C3&#8243; text_font_size=&#8221;36px&#8221; text_letter_spacing=&#8221;5px&#8221; text_line_height=&#8221;2em&#8221; text_font_size_tablet=&#8221;&#8221; text_font_size_phone=&#8221;36px&#8221; text_font_size_last_edited=&#8221;on|phone&#8221;]<\/p>\n<p style=\"text-align: center;\">MATERIALI<\/p>\n<p>[\/et_pb_text][et_pb_text _builder_version=&#8221;4.9.2&#8243; _module_preset=&#8221;default&#8221; text_font=&#8221;||||||||&#8221; text_text_color=&#8221;#0C71C3&#8243; text_font_size=&#8221;30px&#8221; text_letter_spacing=&#8221;5px&#8221; header_font_size=&#8221;13px&#8221;]<\/p>\n<h3 style=\"text-align: center;\"><span>Qui troverete tutti i supporti didattici utili all&#8217;ideazione del vostro progetto e la traccia per la sua stesura.<\/span><\/h3>\n<p>[\/et_pb_text][\/et_pb_column][\/et_pb_row][et_pb_row _builder_version=&#8221;3.25&#8243; custom_margin=&#8221;20px|||&#8221; custom_padding=&#8221;|||&#8221;][et_pb_column type=&#8221;4_4&#8243; _builder_version=&#8221;3.25&#8243; custom_padding=&#8221;|||&#8221; custom_padding__hover=&#8221;|||&#8221;][et_pb_blurb title=&#8221;Toolbox Didattico&#8221; use_icon=&#8221;on&#8221; font_icon=&#8221;%%28%%&#8221; icon_color=&#8221;#93b786&#8243; icon_placement=&#8221;left&#8221; use_icon_font_size=&#8221;on&#8221; icon_font_size=&#8221;32px&#8221; _builder_version=&#8221;4.9.2&#8243; header_font=&#8221;||||||||&#8221; header_text_color=&#8221;#FFFFFF&#8221; header_font_size=&#8221;24px&#8221; header_line_height=&#8221;1.3em&#8221; body_font=&#8221;Quattrocento||||||||&#8221; body_text_color=&#8221;#FFFFFF&#8221; body_font_size=&#8221;16px&#8221; body_line_height=&#8221;1.8em&#8221; background_color=&#8221;#0c71c3&#8243; custom_padding=&#8221;40px||40px||true|false&#8221; animation_style=&#8221;slide&#8221; animation_direction=&#8221;left&#8221; animation_duration=&#8221;2000ms&#8221; animation_intensity_slide=&#8221;43%&#8221; box_shadow_style=&#8221;preset1&#8243;]<\/p>\n<p>A questo <a href=\"https:\/\/www.imola.legacoop.it\/vitaminac\/?page_id=631\" title=\"Materiali - Protetta\">link<\/a> potrete avere accesso ai materiali didattici.<\/p>\n<p>[\/et_pb_blurb][et_pb_blurb title=&#8221;Progetto BeSustainable&#8221; use_icon=&#8221;on&#8221; font_icon=&#8221;%%28%%&#8221; icon_color=&#8221;#93b786&#8243; icon_placement=&#8221;left&#8221; use_icon_font_size=&#8221;on&#8221; icon_font_size=&#8221;32px&#8221; _builder_version=&#8221;4.9.2&#8243; header_font=&#8221;||||||||&#8221; header_font_size=&#8221;24px&#8221; header_line_height=&#8221;1.3em&#8221; body_font=&#8221;Quattrocento||||||||&#8221; body_font_size=&#8221;16px&#8221; body_line_height=&#8221;1.8em&#8221; custom_padding=&#8221;20px||0px||false|false&#8221; animation_style=&#8221;slide&#8221; animation_direction=&#8221;left&#8221; animation_duration=&#8221;2000ms&#8221; animation_intensity_slide=&#8221;44%&#8221;]<\/p>\n<p>Qui troverete il <a href=\"http:\/\/www.besustainable.coop\/\">link<\/a>\u00a0al progetto BeSustainable<\/p>\n<p>[\/et_pb_blurb][\/et_pb_column][\/et_pb_row][et_pb_row _builder_version=&#8221;4.9.4&#8243; _module_preset=&#8221;default&#8221; hover_enabled=&#8221;0&#8243; sticky_enabled=&#8221;0&#8243;][et_pb_column _builder_version=&#8221;4.9.4&#8243; _module_preset=&#8221;default&#8221; type=&#8221;4_4&#8243;][et_pb_text _builder_version=&#8221;4.9.4&#8243; _module_preset=&#8221;default&#8221; hover_enabled=&#8221;0&#8243; sticky_enabled=&#8221;0&#8243;]<\/p>\n<h2>Le competenze individuali<\/h2>\n<p>[\/et_pb_text][et_pb_video src=&#8221;https:\/\/www.imola.legacoop.it\/vitaminac\/wp-content\/uploads\/2021\/motion\/vitamina_c-competenze_imprenditivita.mp4&#8243; _builder_version=&#8221;4.9.4&#8243; _module_preset=&#8221;default&#8221; hover_enabled=&#8221;0&#8243; sticky_enabled=&#8221;0&#8243;][\/et_pb_video][\/et_pb_column][\/et_pb_row][et_pb_row _builder_version=&#8221;4.9.4&#8243; _module_preset=&#8221;default&#8221;][et_pb_column _builder_version=&#8221;4.9.4&#8243; _module_preset=&#8221;default&#8221; type=&#8221;4_4&#8243;][et_pb_text _builder_version=&#8221;4.9.4&#8243; _module_preset=&#8221;default&#8221; hover_enabled=&#8221;0&#8243; sticky_enabled=&#8221;0&#8243;]<\/p>\n<h2>Democraticit\u00e0, collaborazione e sostenibilit\u00e0<\/h2>\n<p>[\/et_pb_text][et_pb_video src=&#8221;https:\/\/www.imola.legacoop.it\/vitaminac\/wp-content\/uploads\/2021\/motion\/vitamina_c-cooperativita.mp4&#8243; _builder_version=&#8221;4.9.4&#8243; _module_preset=&#8221;default&#8221; hover_enabled=&#8221;0&#8243; sticky_enabled=&#8221;0&#8243;][\/et_pb_video][\/et_pb_column][\/et_pb_row][et_pb_row _builder_version=&#8221;4.9.4&#8243; _module_preset=&#8221;default&#8221;][et_pb_column _builder_version=&#8221;4.9.4&#8243; _module_preset=&#8221;default&#8221; type=&#8221;4_4&#8243;][et_pb_text _builder_version=&#8221;4.9.4&#8243; _module_preset=&#8221;default&#8221; hover_enabled=&#8221;0&#8243; sticky_enabled=&#8221;0&#8243;]<\/p>\n<h2>La strategia dell&#8217;unione europea per la sostenibilit\u00e0<\/h2>\n<p>[\/et_pb_text][et_pb_video src=&#8221;https:\/\/www.imola.legacoop.it\/vitaminac\/wp-content\/uploads\/2021\/motion\/vitamina_c-sostenibilita.mp4&#8243; _builder_version=&#8221;4.9.4&#8243; _module_preset=&#8221;default&#8221; hover_enabled=&#8221;0&#8243; sticky_enabled=&#8221;0&#8243;][\/et_pb_video][\/et_pb_column][\/et_pb_row][et_pb_row disabled_on=&#8221;off|off|off&#8221; _builder_version=&#8221;4.9.2&#8243; _module_preset=&#8221;default&#8221;][et_pb_column type=&#8221;4_4&#8243; _builder_version=&#8221;4.9.2&#8243; _module_preset=&#8221;default&#8221;][et_pb_toggle title=&#8221;Spazio di lavoro condiviso &#8211; Diviso per gruppo&#8221; disabled_on=&#8221;off|off|off&#8221; _builder_version=&#8221;4.9.2&#8243; _module_preset=&#8221;default&#8221;]<\/p>\n<div class=\"shared-group-box\">\n<span class=\"group-btn\"><a href=\"https:\/\/drive.google.com\/drive\/folders\/1YXN7rQTk1A6Cm8HLjqMcrg1Q9UEX4Wtu?usp=sharing\">Gruppo 1<\/a><\/span><br \/>\n<span class=\"group-btn\"><a href=\"https:\/\/drive.google.com\/drive\/folders\/1Z-BofCEyK3sIjczD3hE6C59fRpFHjJ3O?usp=sharing\">Gruppo 2<\/a><\/span><br \/>\n<span class=\"group-btn\"><a href=\"https:\/\/drive.google.com\/drive\/folders\/1dsiV15Le50NA7Tr-8oWyOxh6u7SCWhvL?usp=sharing\">Gruppo 3<\/a><\/span><br \/>\n<span class=\"group-btn\"><a href=\"https:\/\/drive.google.com\/drive\/folders\/1HUuhLl6GLYJgscq_Tro5eYmkotwitQPn?usp=sharing\">Gruppo 4<\/a><\/span><br \/>\n<span class=\"group-btn\"><a href=\"https:\/\/drive.google.com\/drive\/folders\/1sMN3MuIIHZCkQw74ut6kHu3ah5o_VGDu?usp=sharing\">Gruppo 5<\/a><\/span><br \/>\n<span class=\"group-btn\"><a href=\"https:\/\/drive.google.com\/drive\/folders\/1d6rgY4eupliVd_KKOOL9ceqcb23NCV30?usp=sharing\">Gruppo 6<\/a><\/span><br \/>\n<span class=\"group-btn\"><a href=\"https:\/\/drive.google.com\/drive\/folders\/1_GtPnVNsTzr7OS9tL2InpB-_EbSLqESt?usp=sharing\">Gruppo 7<\/a><\/span><br \/>\n<span class=\"group-btn\"><a href=\"https:\/\/drive.google.com\/drive\/folders\/1G8WXjBIlwtaK2wUMVshKx9CfrqI8jEf7?usp=sharing\">Gruppo 8<\/a><\/span><br \/>\n<span class=\"group-btn\"><a href=\"https:\/\/drive.google.com\/drive\/folders\/1w95aMbwRh3fsBahULpbHT4dbLaBljJ8k?usp=sharing\">Gruppo 9<\/a><\/span><br \/>\n<span class=\"group-btn\"><a href=\"https:\/\/drive.google.com\/drive\/folders\/1LKIPuY9Q2gw3TS5Kr-N0AoGI5Fc-QDIK?usp=sharing\">Gruppo 10<\/a><\/span><br \/>\n<span class=\"group-btn\"><a href=\"https:\/\/drive.google.com\/drive\/folders\/1NV4IPLvMmacG5bM9gh6020ENGziqSFts?usp=sharing\">Gruppo 11<\/a><\/span><br \/>\n<span class=\"group-btn\"><a href=\"https:\/\/drive.google.com\/drive\/folders\/12H4v6F8-VGB5NYKo53mYe8xIWhqnlYlJ?usp=sharing\">Gruppo 12<\/a><\/span><br \/>\n<span class=\"group-btn\"><a href=\"https:\/\/drive.google.com\/drive\/folders\/1mANTvNzY6KnMHdxnPV2MgooCnsaFkzDA?usp=sharing\">Gruppo 13<\/a><\/span><br \/>\n<span class=\"group-btn\"><a href=\"https:\/\/drive.google.com\/drive\/folders\/1vmBSmuI-dYyWTuBs-VCd5KGamU8PLq_S?usp=sharing\">Gruppo 14<\/a><\/span><br \/>\n<span class=\"group-btn\"><a href=\"https:\/\/drive.google.com\/drive\/folders\/1wWsjhDgNzCRY_wfB7leIxuXZTNRfIAHP?usp=sharing\">Gruppo 15<\/a><\/span><br \/>\n<span class=\"group-btn\"><a href=\"https:\/\/drive.google.com\/drive\/folders\/1ucy8VK6kw3UwdrNB31beJAExPo3kW6JT?usp=sharing\">Gruppo 16<\/a><\/span><br \/>\n<span class=\"group-btn\"><a href=\"https:\/\/drive.google.com\/drive\/folders\/1RnFOkafdowjrxguPJO7tnHWYQhqxqD-J?usp=sharing\">Gruppo 17<\/a><\/span><br \/>\n<span class=\"group-btn\"><a href=\"https:\/\/drive.google.com\/drive\/folders\/1W4ZIaiNssqPZ_9AtHXEC4MxG_A8jMPTY?usp=sharing\">Gruppo 18<\/a><\/span><br \/>\n<span class=\"group-btn\"><a href=\"https:\/\/drive.google.com\/drive\/folders\/1i0gvGGjhUNYM9vPdnk29jQ9nZC9cCqQf?usp=sharing\">Gruppo 19<\/a><\/span><br \/>\n<span class=\"group-btn\"><a href=\"https:\/\/drive.google.com\/drive\/folders\/1kYgCyQtnufCoSMLjaDASNPZed31J5Kck?usp=sharing\">Gruppo 20<\/a><\/span>\n<\/div>\n<p>[\/et_pb_toggle][\/et_pb_column][\/et_pb_row][\/et_pb_section][et_pb_section fb_built=&#8221;1&#8243; admin_label=&#8221;Subscription Section&#8221; _builder_version=&#8221;4.9.2&#8243; use_background_color_gradient=&#8221;on&#8221; background_color_gradient_start=&#8221;rgba(104,153,193,0.24)&#8221; background_color_gradient_end=&#8221;rgba(0,0,0,0)&#8221; background_color_gradient_type=&#8221;radial&#8221; background_color_gradient_start_position=&#8221;27%&#8221; background_color_gradient_overlays_image=&#8221;on&#8221; background_image=&#8221;https:\/\/www.imola.legacoop.it\/vitaminac\/wp-content\/uploads\/2021\/03\/VITAMINA-C-BASE-OK.png&#8221; background_size=&#8221;contain&#8221; background_position=&#8221;bottom_center&#8221; custom_padding=&#8221;8px||27px|||&#8221; global_module=&#8221;278&#8243;][et_pb_row _builder_version=&#8221;4.9.1&#8243; _module_preset=&#8221;default&#8221; custom_padding=&#8221;56px|||||&#8221;][et_pb_column type=&#8221;4_4&#8243; _builder_version=&#8221;4.9.1&#8243; _module_preset=&#8221;default&#8221;][et_pb_image src=&#8221;https:\/\/www.imola.legacoop.it\/vitaminac\/wp-content\/uploads\/2021\/03\/VITAMINA-C-LOGO-2021-300-dpi.png&#8221; title_text=&#8221;VITAMINA C LOGO 2021 300 dpi&#8221; align=&#8221;center&#8221; _builder_version=&#8221;4.9.2&#8243; _module_preset=&#8221;default&#8221; width=&#8221;48%&#8221; custom_padding=&#8221;11px|||||&#8221; animation_style=&#8221;fade&#8221; animation_duration=&#8221;2000ms&#8221;][\/et_pb_image][et_pb_text admin_label=&#8221;Subtitle&#8221; _builder_version=&#8221;4.9.1&#8243; text_font=&#8221;||||||||&#8221; text_text_color=&#8221;#0C71C3&#8243; text_font_size=&#8221;18px&#8221; text_line_height=&#8221;2.2em&#8221; header_font=&#8221;||||||||&#8221; header_2_font=&#8221;||||||||&#8221; text_orientation=&#8221;center&#8221; background_layout=&#8221;dark&#8221; max_width=&#8221;700px&#8221; module_alignment=&#8221;center&#8221; animation_style=&#8221;fade&#8221; animation_direction=&#8221;left&#8221; animation_starting_opacity=&#8221;100%&#8221;]<\/p>\n<p><span>Copyright \u00a9 2021 | Tutti i diritti riservati.<\/span><\/p>\n<p>[\/et_pb_text][et_pb_text admin_label=&#8221;Subtitle&#8221; _builder_version=&#8221;4.9.1&#8243; text_font=&#8221;||||||||&#8221; text_text_color=&#8221;#0C71C3&#8243; text_font_size=&#8221;18px&#8221; text_line_height=&#8221;2.2em&#8221; header_font=&#8221;||||||||&#8221; header_2_font=&#8221;||||||||&#8221; text_orientation=&#8221;center&#8221; background_layout=&#8221;dark&#8221; max_width=&#8221;700px&#8221; module_alignment=&#8221;center&#8221; animation_style=&#8221;fade&#8221; animation_direction=&#8221;left&#8221; animation_starting_opacity=&#8221;100%&#8221;]<\/p>\n<p>&nbsp;<\/p>\n<p>&nbsp;<\/p>\n<p>[\/et_pb_text][\/et_pb_column][\/et_pb_row][et_pb_row _builder_version=&#8221;4.9.1&#8243; _module_preset=&#8221;default&#8221; custom_padding=&#8221;0px||113px|||&#8221;][et_pb_column type=&#8221;4_4&#8243; _builder_version=&#8221;4.9.1&#8243; _module_preset=&#8221;default&#8221;][\/et_pb_column][\/et_pb_row][et_pb_row _builder_version=&#8221;3.25&#8243; custom_padding=&#8221;55px|||||&#8221; locked=&#8221;off&#8221;][et_pb_column type=&#8221;4_4&#8243; _builder_version=&#8221;3.25&#8243; custom_padding=&#8221;|||&#8221; custom_padding__hover=&#8221;|||&#8221;][\/et_pb_column][\/et_pb_row][\/et_pb_section]<\/p>\n","protected":false},"excerpt":{"rendered":"<p>MATERIALIQui troverete tutti i supporti didattici utili all&#8217;ideazione del vostro progetto e la traccia per la sua stesura.A questo link potrete avere accesso ai materiali didattici.Qui troverete il link\u00a0al progetto BeSustainableLe competenze individualiDemocraticit\u00e0, collaborazione e sostenibilit\u00e0La strategia dell&#8217;unione europea per la sostenibilit\u00e0 Gruppo 1 Gruppo 2 Gruppo 3 Gruppo 4 Gruppo 5 Gruppo 6 Gruppo [&hellip;]<\/p>\n","protected":false},"author":1,"featured_media":0,"parent":0,"menu_order":0,"comment_status":"closed","ping_status":"closed","template":"","meta":{"_et_pb_use_builder":"on","_et_pb_old_content":"","_et_gb_content_width":"","ngg_post_thumbnail":0,"footnotes":""},"_links":{"self":[{"href":"https:\/\/www.imola.legacoop.it\/vitaminac\/index.php?rest_route=\/wp\/v2\/pages\/12"}],"collection":[{"href":"https:\/\/www.imola.legacoop.it\/vitaminac\/index.php?rest_route=\/wp\/v2\/pages"}],"about":[{"href":"https:\/\/www.imola.legacoop.it\/vitaminac\/index.php?rest_route=\/wp\/v2\/types\/page"}],"author":[{"embeddable":true,"href":"https:\/\/www.imola.legacoop.it\/vitaminac\/index.php?rest_route=\/wp\/v2\/users\/1"}],"replies":[{"embeddable":true,"href":"https:\/\/www.imola.legacoop.it\/vitaminac\/index.php?rest_route=%2Fwp%2Fv2%2Fcomments&post=12"}],"version-history":[{"count":35,"href":"https:\/\/www.imola.legacoop.it\/vitaminac\/index.php?rest_route=\/wp\/v2\/pages\/12\/revisions"}],"predecessor-version":[{"id":1172,"href":"https:\/\/www.imola.legacoop.it\/vitaminac\/index.php?rest_route=\/wp\/v2\/pages\/12\/revisions\/1172"}],"wp:attachment":[{"href":"https:\/\/www.imola.legacoop.it\/vitaminac\/index.php?rest_route=%2Fwp%2Fv2%2Fmedia&parent=12"}],"curies":[{"name":"wp","href":"https:\/\/api.w.org\/{rel}","templated":true}]}}